{"id":65550,"date":"2017-08-30T11:33:14","date_gmt":"2017-08-30T09:33:14","guid":{"rendered":"https:\/\/undsgn.com\/uncode_new\/?page_id=65550"},"modified":"2024-08-30T10:17:17","modified_gmt":"2024-08-30T10:17:17","slug":"classic-firm","status":"publish","type":"page","link":"https:\/\/pogatschar.com\/","title":{"rendered":"Classic Firm"},"content":{"rendered":"<div class=\"wpb-content-wrapper\"><p>[vc_row row_height_percent=&#8220;100&#8243; back_color=&#8220;color-xsdn&#8220; back_image=&#8220;73006&#8243; overlay_color=&#8220;color-nhtu&#8220; overlay_alpha=&#8220;90&#8243; gutter_size=&#8220;100&#8243; column_width_percent=&#8220;100&#8243; shift_y=&#8220;0&#8243; z_index=&#8220;0&#8243; style=&#8220;inherited&#8220; row_name=&#8220;Leistungen&#8220;][vc_column column_width_percent=&#8220;100&#8243; position_vertical=&#8220;middle&#8220; align_horizontal=&#8220;align_center&#8220; gutter_size=&#8220;4&#8243; overlay_alpha=&#8220;100&#8243; shift_x=&#8220;0&#8243; shift_y=&#8220;0&#8243; shift_y_down=&#8220;0&#8243; z_index=&#8220;0&#8243; medium_width=&#8220;0&#8243; mobile_width=&#8220;0&#8243; zoom_width=&#8220;0&#8243; zoom_height=&#8220;0&#8243; width=&#8220;1\/1&#8243;][vc_row_inner row_inner_height_percent=&#8220;0&#8243; overlay_alpha=&#8220;80&#8243; gutter_size=&#8220;3&#8243; shift_y=&#8220;0&#8243; z_index=&#8220;0&#8243;][vc_column_inner column_width_use_pixel=&#8220;yes&#8220; align_horizontal=&#8220;align_center&#8220; gutter_size=&#8220;3&#8243; overlay_alpha=&#8220;50&#8243; shift_x=&#8220;0&#8243; shift_y=&#8220;0&#8243; shift_y_down=&#8220;0&#8243; z_index=&#8220;0&#8243; medium_width=&#8220;0&#8243; mobile_width=&#8220;0&#8243; css_animation=&#8220;alpha-anim&#8220; width=&#8220;1\/1&#8243; column_width_pixel=&#8220;780&#8243;][vc_custom_heading text_size=&#8220;h3&#8243; text_weight=&#8220;300&#8243;]<\/p>\n<h2><span style=\"color: #ffffff;\">Leistungen<\/span><\/h2>\n<p>&nbsp;<\/p>\n<p><span style=\"color: #ffffff;\">Seit vielen Jahren sind wir Ihre kompetenten Partner f\u00fcr Bottrop, Dinslaken und <\/span><\/p>\n<p>&nbsp;<\/p>\n<p>[\/vc_custom_heading][\/vc_column_inner][\/vc_row_inner][vc_row_inner][vc_column_inner width=&#8220;1\/2&#8243;][vc_column_text]<\/p>\n<h2><span style=\"color: #ffffff;\"><strong>Unsere Angebotspalette umfasst <\/strong><\/span><\/h2>\n<p><span style=\"color: #ffffff;\">&#8211; Planung von Heizungsanlagen<\/span><br \/>\n<span style=\"color: #ffffff;\">&#8211; Wartung von Heizungsanlagen<\/span><br \/>\n<span style=\"color: #ffffff;\">&#8211; Neugestaltung von B\u00e4dern<\/span><br \/>\n<span style=\"color: #ffffff;\">&#8211; Notdienst<\/span><br \/>\n<span style=\"color: #ffffff;\">&#8211; Rohrreinigung<\/span><br \/>\n<span style=\"color: #ffffff;\">&#8211; Klempnerei<\/span><br \/>\n<span style=\"color: #ffffff;\">&#8211; Gassicherheitscheck<\/span><br \/>\n<span style=\"color: #ffffff;\">&#8211; Klima-Splitanlagen<\/span><br \/>\n<span style=\"color: #ffffff;\">&#8211;\u00a0TV-Rohruntersuchung<\/span>[\/vc_column_text][\/vc_column_inner][vc_column_inner width=&#8220;1\/2&#8243;][vc_column_text]<\/p>\n<h2><span style=\"color: #ffffff;\"><strong>Service hei\u00dft f\u00fcr uns:<\/strong><\/span><\/h2>\n<p><span style=\"color: #ffffff;\">Bereitschaft rund um die Uhr. Ob Stammkunde, Neukunde oder\u00a0Inhaber eines\u00a0unserer Wartungsvertr\u00e4ge; wir leisten kurzfristig und unkompliziert Hilfe.<\/span><br \/>\n<span style=\"color: #ffffff;\">Gut ausgebildetes Personal \u00fcbernimmt die anfallenden Reparaturen in Ihrem Haus.<\/span><\/p>\n<p><span style=\"color: #ffffff;\">F\u00fcr unsere Kunden steht auch der Notdienst 24 Stunden 7 Tage die Woche bereit.<\/span>[\/vc_column_text][\/vc_column_inner][\/vc_row_inner][\/vc_column][\/vc_row][vc_row row_height_percent=&#8220;100&#8243; override_padding=&#8220;yes&#8220; h_padding=&#8220;0&#8243; top_padding=&#8220;2&#8243; bottom_padding=&#8220;2&#8243; back_color=&#8220;color-rgdb&#8220; overlay_alpha=&#8220;50&#8243; equal_height=&#8220;yes&#8220; gutter_size=&#8220;0&#8243; column_width_percent=&#8220;100&#8243; shift_y=&#8220;0&#8243; z_index=&#8220;0&#8243; el_class=&#8220;gradient portfolio&#8220; row_name=&#8220;B\u00e4der&#8220;][vc_column column_width_percent=&#8220;100&#8243; position_vertical=&#8220;middle&#8220; align_horizontal=&#8220;align_center&#8220; gutter_size=&#8220;4&#8243; override_padding=&#8220;yes&#8220; column_padding=&#8220;0&#8243; style=&#8220;dark&#8220; overlay_alpha=&#8220;50&#8243; shift_x=&#8220;0&#8243; shift_y=&#8220;0&#8243; shift_y_down=&#8220;0&#8243; z_index=&#8220;0&#8243; medium_width=&#8220;0&#8243; mobile_width=&#8220;0&#8243; css_animation=&#8220;alpha-anim&#8220; width=&#8220;1\/1&#8243;][vc_custom_heading text_size=&#8220;h1&#8243; text_weight=&#8220;300&#8243;]<\/p>\n<h1><span style=\"color: #ffffff;\">B\u00e4der<\/span><\/h1>\n<p>[\/vc_custom_heading][vc_column_text]<\/p>\n<h2><span style=\"color: #ffffff;\"><strong>Ihr Badspezialist:<\/strong><\/span><\/h2>\n<p><span style=\"color: #ffffff;\">Ob Umbau, Neubau oder Luxussanierung &#8211; wir sind der kompetente Ansprechpartner f\u00fcr Ihr Badezimmer. Wir machen aus Ihrem Bad eine Oase der Erholung und Entspannung. Damit der Stress w\u00e4hrend der Umbauzeit nicht zu gross wird, koordinieren wir auf Wunsch alle beteiligten Gewerke.<\/span>[\/vc_column_text][vc_row_inner][vc_column_inner width=&#8220;1\/2&#8243;][vc_column_text uncode_shortcode_id=&#8220;213017&#8243;]<\/p>\n<h2><span style=\"color: #ffffff;\"><strong>Das renovierte Bad:<\/strong><\/span><\/h2>\n<p><span style=\"color: #ffffff;\">Jedes Bad kommt mit der Zeit in die Jahre und muss saniert werden.<\/span><\/p>\n<p><span style=\"color: #ffffff;\">Vorwandinstallationen erm\u00f6glichen die Sanierung oder den Umbau Ihres Bades mit m\u00f6glichst wenig Staub und Schmutz durchzuf\u00fchren.<\/span>[\/vc_column_text][\/vc_column_inner][vc_column_inner width=&#8220;1\/2&#8243;][vc_single_image media=&#8220;73002&#8243; media_width_percent=&#8220;100&#8243;][\/vc_column_inner][\/vc_row_inner][vc_row_inner][vc_column_inner width=&#8220;1\/2&#8243;][vc_column_text uncode_shortcode_id=&#8220;208480&#8243;]<\/p>\n<h2><span style=\"color: #ffffff;\"><strong>Das funktionale Bad: <\/strong><\/span><\/h2>\n<p><span style=\"color: #ffffff;\">Das funktionale Bad deckt alle Anforderungen der Familie an den perfekten Badespa\u00df ab. Neben zweckm\u00e4\u00dfigen Armaturen und viel Stauraum sorgen lebhafte Fliesen und eine perfekte Beleuchtung f\u00fcr die morgendliche gute Laune im Bad.<\/span>[\/vc_column_text][\/vc_column_inner][vc_column_inner width=&#8220;1\/2&#8243;][vc_single_image media=&#8220;73003&#8243; media_width_percent=&#8220;100&#8243;][\/vc_column_inner][\/vc_row_inner][vc_row_inner][vc_column_inner width=&#8220;1\/2&#8243;][vc_column_text uncode_shortcode_id=&#8220;204220&#8243;]<\/p>\n<h2><span style=\"color: #ffffff;\"><strong>Das luxuri\u00f6se Bad: <\/strong><\/span><\/h2>\n<p><span style=\"color: #ffffff;\">F\u00fcr anspruchsvolle Kunden entwerfen wir Ihr individuelles Badezimmer. Nach gelungener Planung und einem erfolgreichen Umbau f\u00fcr Sie h\u00e4ufiger ein Grund eine Flasche Champagner zu \u00f6ffnen &#8211; nat\u00fcrlich in Ihrem neuen Bad.<\/span>[\/vc_column_text][\/vc_column_inner][vc_column_inner width=&#8220;1\/2&#8243;][vc_single_image media=&#8220;73004&#8243; media_width_percent=&#8220;100&#8243;][\/vc_column_inner][\/vc_row_inner][vc_empty_space empty_h=&#8220;3&#8243;][vc_row_inner][vc_column_inner width=&#8220;1\/1&#8243;][\/vc_column_inner][\/vc_row_inner][vc_row_inner][vc_column_inner width=&#8220;1\/1&#8243;][\/vc_column_inner][\/vc_row_inner][\/vc_column][\/vc_row][vc_row row_height_percent=&#8220;0&#8243; overlay_alpha=&#8220;50&#8243; gutter_size=&#8220;3&#8243; column_width_percent=&#8220;100&#8243; shift_y=&#8220;0&#8243; z_index=&#8220;0&#8243; row_name=&#8220;klimatisierung&#8220;][vc_column column_width_percent=&#8220;100&#8243; gutter_size=&#8220;3&#8243; overlay_alpha=&#8220;50&#8243; shift_x=&#8220;0&#8243; shift_y=&#8220;0&#8243; shift_y_down=&#8220;0&#8243; z_index=&#8220;0&#8243; medium_width=&#8220;0&#8243; mobile_width=&#8220;0&#8243; width=&#8220;1\/1&#8243;][vc_row_inner][vc_column_inner width=&#8220;1\/1&#8243;][vc_custom_heading]<\/p>\n<h2 style=\"text-align: center;\"><span style=\"color: #ffffff;\">Klimatisierung<\/span><\/h2>\n<p>[\/vc_custom_heading][\/vc_column_inner][\/vc_row_inner][vc_row_inner][vc_column_inner width=&#8220;1\/2&#8243;][vc_empty_space empty_h=&#8220;2&#8243;][vc_gallery el_id=&#8220;gallery-859366&#8243; isotope_mode=&#8220;fitRows&#8220; medias=&#8220;73081,73082,73083,73084&#8243; gutter_size=&#8220;3&#8243; screen_lg=&#8220;1000&#8243; screen_md=&#8220;600&#8243; screen_sm=&#8220;480&#8243; single_overlay_opacity=&#8220;50&#8243; single_padding=&#8220;2&#8243;][\/vc_column_inner][vc_column_inner width=&#8220;1\/2&#8243;][vc_empty_space empty_h=&#8220;2&#8243;][vc_column_text]<\/p>\n<h3 style=\"text-align: center;\"><span style=\"color: #ffffff;\">Wir bieten Ihnen ma\u00dfgeschneiderte Klimatisierungstechnik.<\/span><\/h3>\n<h3 style=\"text-align: center;\"><span style=\"color: #ffffff;\">Sprechen Sie uns an!<\/span><\/h3>\n<p>[\/vc_column_text][\/vc_column_inner][\/vc_row_inner][vc_empty_space empty_h=&#8220;4&#8243;][\/vc_column][\/vc_row][vc_row row_height_percent=&#8220;0&#8243; overlay_alpha=&#8220;50&#8243; gutter_size=&#8220;3&#8243; column_width_percent=&#8220;100&#8243; shift_y=&#8220;0&#8243; z_index=&#8220;0&#8243; row_name=&#8220;heiztechnik&#8220;][vc_column column_width_percent=&#8220;100&#8243; gutter_size=&#8220;3&#8243; overlay_alpha=&#8220;50&#8243; shift_x=&#8220;0&#8243; shift_y=&#8220;0&#8243; shift_y_down=&#8220;0&#8243; z_index=&#8220;0&#8243; medium_width=&#8220;0&#8243; mobile_width=&#8220;0&#8243; width=&#8220;1\/1&#8243;][vc_row_inner][vc_column_inner width=&#8220;1\/1&#8243;][vc_custom_heading]<\/p>\n<h2 style=\"text-align: center;\"><span style=\"color: #ffffff;\">Heiztechnik<\/span><\/h2>\n<p>[\/vc_custom_heading][\/vc_column_inner][\/vc_row_inner][vc_row_inner][vc_column_inner width=&#8220;1\/2&#8243;][vc_empty_space empty_h=&#8220;2&#8243;][vc_column_text]<\/p>\n<h3 style=\"text-align: center;\"><span style=\"color: #ffffff;\">Lassen Sie sich von uns im Bereich Brennstoffzellen beraten. Die effiziente und umweltschonende Zukunftstechnologie.<\/span><\/h3>\n<p>[\/vc_column_text][\/vc_column_inner][vc_column_inner width=&#8220;1\/2&#8243;][vc_empty_space empty_h=&#8220;2&#8243;][vc_gallery el_id=&#8220;gallery-859366&#8243; isotope_mode=&#8220;fitRows&#8220; medias=&#8220;73095,73096,73097,73098&#8243; gutter_size=&#8220;3&#8243; screen_lg=&#8220;1000&#8243; screen_md=&#8220;600&#8243; screen_sm=&#8220;480&#8243; single_overlay_opacity=&#8220;50&#8243; single_padding=&#8220;2&#8243;][\/vc_column_inner][\/vc_row_inner][vc_empty_space empty_h=&#8220;4&#8243;][\/vc_column][\/vc_row][vc_row row_height_percent=&#8220;100&#8243; back_color=&#8220;color-lxmt&#8220; back_image=&#8220;73006&#8243; overlay_color=&#8220;color-xsdn&#8220; overlay_alpha=&#8220;90&#8243; gutter_size=&#8220;100&#8243; column_width_percent=&#8220;100&#8243; shift_y=&#8220;0&#8243; z_index=&#8220;0&#8243; style=&#8220;inherited&#8220; row_name=&#8220;Partner&#8220;][vc_column column_width_percent=&#8220;100&#8243; position_vertical=&#8220;middle&#8220; align_horizontal=&#8220;align_center&#8220; gutter_size=&#8220;4&#8243; overlay_alpha=&#8220;100&#8243; shift_x=&#8220;0&#8243; shift_y=&#8220;0&#8243; shift_y_down=&#8220;0&#8243; z_index=&#8220;0&#8243; medium_width=&#8220;0&#8243; mobile_width=&#8220;0&#8243; zoom_width=&#8220;0&#8243; zoom_height=&#8220;0&#8243; width=&#8220;1\/1&#8243;][vc_row_inner row_inner_height_percent=&#8220;0&#8243; overlay_alpha=&#8220;80&#8243; gutter_size=&#8220;3&#8243; shift_y=&#8220;0&#8243; z_index=&#8220;0&#8243;][vc_column_inner column_width_use_pixel=&#8220;yes&#8220; align_horizontal=&#8220;align_center&#8220; gutter_size=&#8220;3&#8243; overlay_alpha=&#8220;50&#8243; shift_x=&#8220;0&#8243; shift_y=&#8220;0&#8243; shift_y_down=&#8220;0&#8243; z_index=&#8220;0&#8243; medium_width=&#8220;0&#8243; mobile_width=&#8220;0&#8243; css_animation=&#8220;alpha-anim&#8220; width=&#8220;1\/1&#8243; column_width_pixel=&#8220;780&#8243;][vc_custom_heading text_size=&#8220;h3&#8243; text_weight=&#8220;300&#8243;]<\/p>\n<h2><span style=\"color: #000000;\">Unsere Partner<\/span><\/h2>\n<p>[\/vc_custom_heading][\/vc_column_inner][\/vc_row_inner][vc_row_inner][vc_column_inner column_width_use_pixel=&#8220;yes&#8220; gutter_size=&#8220;3&#8243; overlay_alpha=&#8220;50&#8243; shift_x=&#8220;0&#8243; shift_y=&#8220;0&#8243; shift_y_down=&#8220;0&#8243; z_index=&#8220;0&#8243; medium_width=&#8220;0&#8243; mobile_width=&#8220;0&#8243; width=&#8220;1\/1&#8243; column_width_pixel=&#8220;200&#8243;][vc_gallery el_id=&#8220;gallery-142300&#8243; random=&#8220;yes&#8220; medias=&#8220;73136,73133,73132,73131,73130,73129,73127,73126,73125,73124,73123,73122,73121&#8243; explode_albums=&#8220;yes&#8220; gutter_size=&#8220;3&#8243; inner_padding=&#8220;yes&#8220; media_items=&#8220;media|nolink|original,icon|lg&#8220; screen_lg=&#8220;1000&#8243; screen_md=&#8220;600&#8243; screen_sm=&#8220;480&#8243; single_shape=&#8220;round&#8220; single_overlay_opacity=&#8220;50&#8243; single_padding=&#8220;2&#8243;][vc_empty_space empty_h=&#8220;5&#8243;][\/vc_column_inner][\/vc_row_inner][vc_empty_space empty_h=&#8220;5&#8243;][\/vc_column][\/vc_row][vc_row row_height_percent=&#8220;100&#8243; overlay_alpha=&#8220;85&#8243; equal_height=&#8220;yes&#8220; gutter_size=&#8220;0&#8243; column_width_use_pixel=&#8220;yes&#8220; shift_y=&#8220;0&#8243; z_index=&#8220;0&#8243; row_name=&#8220;Kontakt&#8220;][vc_column column_width_use_pixel=&#8220;yes&#8220; position_vertical=&#8220;middle&#8220; align_horizontal=&#8220;align_center&#8220; gutter_size=&#8220;3&#8243; style=&#8220;dark&#8220; overlay_alpha=&#8220;50&#8243; shift_x=&#8220;0&#8243; shift_y=&#8220;0&#8243; shift_y_down=&#8220;0&#8243; z_index=&#8220;0&#8243; medium_width=&#8220;0&#8243; mobile_width=&#8220;0&#8243; width=&#8220;1\/1&#8243;][vc_row_inner row_inner_height_percent=&#8220;0&#8243; overlay_alpha=&#8220;50&#8243; gutter_size=&#8220;3&#8243; shift_y=&#8220;0&#8243; z_index=&#8220;0&#8243;][vc_column_inner column_width_use_pixel=&#8220;yes&#8220; position_vertical=&#8220;middle&#8220; align_horizontal=&#8220;align_center&#8220; gutter_size=&#8220;3&#8243; style=&#8220;dark&#8220; overlay_alpha=&#8220;50&#8243; shift_x=&#8220;0&#8243; shift_y=&#8220;0&#8243; shift_y_down=&#8220;0&#8243; z_index=&#8220;0&#8243; medium_width=&#8220;0&#8243; mobile_width=&#8220;0&#8243; width=&#8220;1\/1&#8243; column_width_pixel=&#8220;900&#8243;][vc_custom_heading heading_semantic=&#8220;h1&#8243; text_size=&#8220;&#8220; text_weight=&#8220;300&#8243; css_animation=&#8220;top-t-bottom&#8220;]<strong>Wir helfen Ihnen gern!<br \/>\n<\/strong>[\/vc_custom_heading][\/vc_column_inner][\/vc_row_inner][vc_row_inner row_inner_height_percent=&#8220;0&#8243; overlay_alpha=&#8220;50&#8243; gutter_size=&#8220;3&#8243; shift_y=&#8220;0&#8243; z_index=&#8220;0&#8243;][vc_column_inner column_width_use_pixel=&#8220;yes&#8220; position_vertical=&#8220;middle&#8220; align_horizontal=&#8220;align_center&#8220; gutter_size=&#8220;3&#8243; style=&#8220;dark&#8220; overlay_alpha=&#8220;50&#8243; shift_x=&#8220;0&#8243; shift_y=&#8220;0&#8243; shift_y_down=&#8220;0&#8243; z_index=&#8220;0&#8243; medium_width=&#8220;0&#8243; mobile_width=&#8220;0&#8243; width=&#8220;1\/1&#8243; column_width_pixel=&#8220;740&#8243;][vc_custom_heading text_size=&#8220;h3&#8243; text_weight=&#8220;300&#8243; css_animation=&#8220;bottom-t-top&#8220; animation_delay=&#8220;300&#8243; mobile_visibility=&#8220;yes&#8220;]<\/p>\n<h1>Kontakt<\/h1>\n<p>[\/vc_custom_heading][vc_empty_space empty_h=&#8220;0&#8243; mobile_visibility=&#8220;yes&#8220;][vc_column_text]B.Pogatschar u. J.Michailidis GmbH<br \/>\nEssener Str. 1<br \/>\n46236 Bottrop<\/p>\n<p>&nbsp;<\/p>\n<p><strong>B\u00fcrozeiten<\/strong>:<br \/>\nMo. &#8211; Do. von 9:00 bis 16:30<br \/>\nFr. von 9:00 bis 14:00<\/p>\n<p>&nbsp;<\/p>\n<p><strong>Telefon, Fax und Email:<\/strong><br \/>\nTelefon: 02041 23279<br \/>\nTelefax: 02041 263279<br \/>\nE-Mail: <span id=\"cloakdbd07eb41eeaab8e84f9f0473ae57df1\"><a href=\"mailto:dialog@pogatschar.com\">dialog@pogatschar.com<\/a><\/span>[\/vc_column_text][\/vc_column_inner][\/vc_row_inner][\/vc_column][\/vc_row]<\/p>\n<\/div>","protected":false},"excerpt":{"rendered":"<p>[vc_row row_height_percent=&#8220;100&#8243; back_color=&#8220;color-xsdn&#8220; back_image=&#8220;73006&#8243; overlay_color=&#8220;color-nhtu&#8220; overlay_alpha=&#8220;90&#8243; gutter_size=&#8220;100&#8243; column_width_percent=&#8220;100&#8243; shift_y=&#8220;0&#8243; z_index=&#8220;0&#8243; style=&#8220;inherited&#8220; row_name=&#8220;Leistungen&#8220;][vc_column column_width_percent=&#8220;100&#8243; position_vertical=&#8220;middle&#8220; align_horizontal=&#8220;align_center&#8220; gutter_size=&#8220;4&#8243; overlay_alpha=&#8220;100&#8243; shift_x=&#8220;0&#8243; shift_y=&#8220;0&#8243; shift_y_down=&#8220;0&#8243; [&hellip;]<\/p>\n","protected":false},"author":1,"featured_media":70535,"parent":0,"menu_order":0,"comment_status":"closed","ping_status":"closed","template":"","meta":{"footnotes":""},"class_list":["post-65550","page","type-page","status-publish","has-post-thumbnail","hentry","page_category-classic"],"_links":{"self":[{"href":"https:\/\/pogatschar.com\/index.php\/wp-json\/wp\/v2\/pages\/65550"}],"collection":[{"href":"https:\/\/pogatschar.com\/index.php\/wp-json\/wp\/v2\/pages"}],"about":[{"href":"https:\/\/pogatschar.com\/index.php\/wp-json\/wp\/v2\/types\/page"}],"author":[{"embeddable":true,"href":"https:\/\/pogatschar.com\/index.php\/wp-json\/wp\/v2\/users\/1"}],"replies":[{"embeddable":true,"href":"https:\/\/pogatschar.com\/index.php\/wp-json\/wp\/v2\/comments?post=65550"}],"version-history":[{"count":84,"href":"https:\/\/pogatschar.com\/index.php\/wp-json\/wp\/v2\/pages\/65550\/revisions"}],"predecessor-version":[{"id":73173,"href":"https:\/\/pogatschar.com\/index.php\/wp-json\/wp\/v2\/pages\/65550\/revisions\/73173"}],"wp:featuredmedia":[{"embeddable":true,"href":"https:\/\/pogatschar.com\/index.php\/wp-json\/wp\/v2\/media\/70535"}],"wp:attachment":[{"href":"https:\/\/pogatschar.com\/index.php\/wp-json\/wp\/v2\/media?parent=65550"}],"curies":[{"name":"wp","href":"https:\/\/api.w.org\/{rel}","templated":true}]}}